{"id":2129,"date":"2017-09-20T11:51:56","date_gmt":"2017-09-20T11:51:56","guid":{"rendered":"https:\/\/www.prismatattoos.com\/iletisim\/"},"modified":"2023-04-07T20:46:50","modified_gmt":"2023-04-07T20:46:50","slug":"contact-us","status":"publish","type":"page","link":"https:\/\/www.prismatattoos.com\/en\/contact-us\/","title":{"rendered":"Contact Us"},"content":{"rendered":"<div class=\"wpb-content-wrapper\"><p>[vc_row css=&#8221;.vc_custom_1624278730724{margin-bottom: 16px !important;}&#8221; uniqid=&#8221;60d086c406222&#8243;][vc_column][vc_custom_heading text=&#8221;Contact Us&#8221; font_container=&#8221;tag:h1|text_align:center&#8221; use_theme_fonts=&#8221;yes&#8221; decor_line=&#8221;on&#8221;][\/vc_column][\/vc_row][vc_row][vc_column width=&#8221;1\/4&#8243; offset=&#8221;vc_col-lg-offset-1 vc_col-md-offset-1 vc_col-sm-offset-1&#8243;][vc_icon icon_fontawesome=&#8221;multimedia-icon-smartphone&#8221; color=&#8221;custom&#8221; background_style=&#8221;rounded-outline&#8221; background_color=&#8221;custom&#8221; size=&#8221;lg&#8221; align=&#8221;center&#8221; custom_background_color=&#8221;#c48f56&#8243;][vc_column_text]<\/p>\n<p style=\"text-align: center;\"><span style=\"font-size: 14px; font-weight: 300;\">+90 507 836 89 84<\/span><\/p>\n<p>[\/vc_column_text][\/vc_column][vc_column width=&#8221;1\/3&#8243;][vc_icon icon_fontawesome=&#8221;multimedia-icon-envelope&#8221; color=&#8221;custom&#8221; background_style=&#8221;rounded-outline&#8221; background_color=&#8221;custom&#8221; size=&#8221;lg&#8221; align=&#8221;center&#8221; custom_background_color=&#8221;#c48f56&#8243;][vc_column_text]<\/p>\n<p style=\"text-align: center;\"><span style=\"font-weight: 300;\">prismatattoos@gmail.com<\/span><\/p>\n<p>[\/vc_column_text][\/vc_column][vc_column width=&#8221;1\/4&#8243;][vc_icon icon_fontawesome=&#8221;multimedia-icon-placeholder&#8221; color=&#8221;custom&#8221; background_style=&#8221;rounded-outline&#8221; background_color=&#8221;custom&#8221; size=&#8221;lg&#8221; align=&#8221;center&#8221; custom_background_color=&#8221;#c48f56&#8243;][vc_column_text]<\/p>\n<p style=\"text-align: center;\"><span style=\"font-weight: 300;\">Ho\u015fnudiye, K\u0131z\u0131lc\u0131kl\u0131 M. Pehlivan Cd. No:18 D:B, 26130 Tepeba\u015f\u0131\/Eski\u015fehir<\/span><\/p>\n<p>[\/vc_column_text][\/vc_column][\/vc_row][vc_row][vc_column width=&#8221;5\/6&#8243; offset=&#8221;vc_col-lg-offset-1 vc_col-md-offset-1 vc_col-sm-offset-1&#8243;][vc_column_text css=&#8221;.vc_custom_1680317879079{margin-top: -19px !important;margin-bottom: 58px !important;}&#8221;]<\/p>\n<p style=\"text-align: center;\"><span style=\"font-weight: 300; font-size: 14px;\">You can easily contact us to make an appointment for your Tattoo &amp; Piercing requests. <\/span><\/p>\n<p>[\/vc_column_text][\/vc_column][\/vc_row][vc_row][vc_column][vc_gmaps link=&#8221;#E-8_JTNDaWZyYW1lJTIwc3JjJTNEJTIyaHR0cHMlM0ElMkYlMkZ3d3cuZ29vZ2xlLmNvbSUyRm1hcHMlMkZlbWJlZCUzRnBiJTNEJTIxMW0xNCUyMTFtOCUyMTFtMyUyMTFkMTIyNjUuMTM2OTgyNDAyNzA4JTIxMmQzMC41MTIzNzQlMjEzZDM5Ljc3ODE3NiUyMTNtMiUyMTFpMTAyNCUyMTJpNzY4JTIxNGYxMy4xJTIxM20zJTIxMW0yJTIxMXMweDE0Y2MxNjA5ZGNiMzRhZWQlMjUzQTB4ZWQyNmQwNWVmNjdlMjAzZiUyMTJzUHJpc21hJTI1MjBUYXR0b28lMjE1ZTAlMjEzbTIlMjExc3RyJTIxMnN0ciUyMTR2MTY4MDM2NzI1MTE0MSUyMTVtMiUyMTFzdHIlMjEyc3RyJTIyJTIwd2lkdGglM0QlMjI2MDAlMjIlMjBoZWlnaHQlM0QlMjI0NTAlMjIlMjBzdHlsZSUzRCUyMmJvcmRlciUzQTAlM0IlMjIlMjBhbGxvd2Z1bGxzY3JlZW4lM0QlMjIlMjIlMjBsb2FkaW5nJTNEJTIybGF6eSUyMiUyMHJlZmVycmVycG9saWN5JTNEJTIybm8tcmVmZXJyZXItd2hlbi1kb3duZ3JhZGUlMjIlM0UlM0MlMkZpZnJhbWUlM0U=&#8221;][\/vc_column][\/vc_row][vc_row css=&#8221;.vc_custom_1624278884608{padding-bottom: 61px !important;}&#8221; uniqid=&#8221;60d087570e947&#8243;][vc_column][vc_custom_heading text=&#8221;Contact Form&#8221; font_container=&#8221;tag:h4|text_align:center&#8221; use_theme_fonts=&#8221;yes&#8221; decor_line=&#8221;on&#8221;][vc_raw_html]PGRpdiBjbGFzcz0idGFjIiBzdHlsZT0ibWF4LXdpZHRoOiAzNTBweDsgbWFyZ2luOiAwIGF1dG87Ij4KPHNwYW4gY2xhc3M9IndwY2Y3LWZvcm0tY29udHJvbC13cmFwIG5hbWUtcCI+PGlucHV0IHR5cGU9InRleHQiIG5hbWU9Im5hbWUtcCIgdmFsdWU9IiIgc2l6ZT0iNDAiIGNsYXNzPSJ3cGNmNy1mb3JtLWNvbnRyb2wgd3BjZjctdGV4dCB3cGNmNy12YWxpZGF0ZXMtYXMtcmVxdWlyZWQgc3R5bGUzIiBhcmlhLXJlcXVpcmVkPSJ0cnVlIiBhcmlhLWludmFsaWQ9ImZhbHNlIiBwbGFjZWhvbGRlcj0iTmFtZSI+PC9zcGFuPgo8c3BhbiBjbGFzcz0id3BjZjctZm9ybS1jb250cm9sLXdyYXAgbWFpbCI+PGlucHV0IHR5cGU9InRleHQiIG5hbWU9Im1haWwiIHZhbHVlPSIiIHNpemU9IjQwIiBjbGFzcz0id3BjZjctZm9ybS1jb250cm9sIHdwY2Y3LXRleHQgd3BjZjctdmFsaWRhdGVzLWFzLXJlcXVpcmVkIHN0eWxlMyIgYXJpYS1yZXF1aXJlZD0idHJ1ZSIgYXJpYS1pbnZhbGlkPSJmYWxzZSIgcGxhY2Vob2xkZXI9IkUtbWFpbCI+PC9zcGFuPgo8c3BhbiBjbGFzcz0id3BjZjctZm9ybS1jb250cm9sLXdyYXAgdGV4dCI+PHRleHRhcmVhIG5hbWU9InRleHQiIGNvbHM9IjQwIiByb3dzPSI0IiBjbGFzcz0id3BjZjctZm9ybS1jb250cm9sIHdwY2Y3LXRleHRhcmVhIHdwY2Y3LXZhbGlkYXRlcy1hcy1yZXF1aXJlZCBzdHlsZTMiIGFyaWEtcmVxdWlyZWQ9InRydWUiIGFyaWEtaW52YWxpZD0iZmFsc2UiIHBsYWNlaG9sZGVyPSJZb3VyIE1lc3NhZ2UiPjwvdGV4dGFyZWE+PC9zcGFuPgo8aW5wdXQgdHlwZT0iYnV0dG9uIiBjbGFzcz0iYnV0dG9uLXN0eWxlMSIgdmFsdWU9IlN1Ym1pdCI+CjwvZGl2Pg==[\/vc_raw_html][\/vc_column][\/vc_row]<\/p>\n<\/div>","protected":false},"excerpt":{"rendered":"<p>[vc_row css=&#8221;.vc_custom_1624278730724{margin-bottom: 16px !important;}&#8221; uniqid=&#8221;60d086c406222&#8243;][vc_column][vc_custom_heading text=&#8221;Contact Us&#8221; font_container=&#8221;tag:h1|text_align:center&#8221; use_theme_fonts=&#8221;yes&#8221; decor_line=&#8221;on&#8221;][\/vc_column][\/vc_row][vc_row][vc_column width=&#8221;1\/4&#8243; offset=&#8221;vc_col-lg-offset-1 vc_col-md-offset-1 vc_col-sm-offset-1&#8243;][vc_icon icon_fontawesome=&#8221;multimedia-icon-smartphone&#8221; color=&#8221;custom&#8221; background_style=&#8221;rounded-outline&#8221; background_color=&#8221;custom&#8221; size=&#8221;lg&#8221; align=&#8221;center&#8221; custom_background_color=&#8221;#c48f56&#8243;][vc_column_text] +90 507 836 89 84 [\/vc_column_text][\/vc_column][vc_column width=&#8221;1\/3&#8243;][vc_icon icon_fontawesome=&#8221;multimedia-icon-envelope&#8221; color=&#8221;custom&#8221; background_style=&#8221;rounded-outline&#8221; background_color=&#8221;custom&#8221; size=&#8221;lg&#8221; align=&#8221;center&#8221; custom_background_color=&#8221;#c48f56&#8243;][vc_column_text] prismatattoos@gmail.com [\/vc_column_text][\/vc_column][vc_column width=&#8221;1\/4&#8243;][vc_icon icon_fontawesome=&#8221;multimedia-icon-placeholder&#8221; color=&#8221;custom&#8221; background_style=&#8221;rounded-outline&#8221; background_color=&#8221;custom&#8221; size=&#8221;lg&#8221; align=&#8221;center&#8221; custom_background_color=&#8221;#c48f56&#8243;][vc_column_text] Ho\u015fnudiye, K\u0131z\u0131lc\u0131kl\u0131 M. Pehlivan Cd. No:18 D:B, 26130 Tepeba\u015f\u0131\/Eski\u015fehir [\/vc_column_text][\/vc_column][\/vc_row][vc_row][vc_column [&hellip;]<\/p>\n","protected":false},"author":1,"featured_media":0,"parent":0,"menu_order":0,"comment_status":"closed","ping_status":"closed","template":"template-landing.php","meta":{"_acf_changed":false,"footnotes":""},"class_list":["post-2129","page","type-page","status-publish","hentry"],"acf":[],"yoast_head":"<!-- This site is optimized with the Yoast SEO plugin v27.6 - https:\/\/yoast.com\/product\/yoast-seo-wordpress\/ -->\n<title>Contact Us - Prisma Tattoo<\/title>\n<meta name=\"description\" content=\"You can easily contact us to make an appointment for your tattoo &amp; piercing requests, design and information.\" \/>\n<meta name=\"robots\" content=\"index, follow, max-snippet:-1, max-image-preview:large, max-video-preview:-1\" \/>\n<link rel=\"canonical\" href=\"https:\/\/www.prismatattoos.com\/en\/contact-us\/\" \/>\n<meta property=\"og:locale\" content=\"en_US\" \/>\n<meta property=\"og:type\" content=\"article\" \/>\n<meta property=\"og:title\" content=\"Contact Us - Prisma Tattoo\" \/>\n<meta property=\"og:description\" content=\"You can easily contact us to make an appointment for your tattoo &amp; piercing requests, design and information.\" \/>\n<meta property=\"og:url\" content=\"https:\/\/www.prismatattoos.com\/en\/contact-us\/\" \/>\n<meta property=\"og:site_name\" content=\"Prisma Tattoo\" \/>\n<meta property=\"article:publisher\" content=\"https:\/\/www.facebook.com\/prismatattoopiercing\/\" \/>\n<meta property=\"article:modified_time\" content=\"2023-04-07T20:46:50+00:00\" \/>\n<meta property=\"og:image\" content=\"https:\/\/www.prismatattoos.com\/wp-content\/uploads\/2023\/03\/prisma-main-page.jpg\" \/>\n\t<meta property=\"og:image:width\" content=\"1300\" \/>\n\t<meta property=\"og:image:height\" content=\"867\" \/>\n\t<meta property=\"og:image:type\" content=\"image\/jpeg\" \/>\n<meta name=\"twitter:card\" content=\"summary_large_image\" \/>\n<meta name=\"twitter:label1\" content=\"Est. reading time\" \/>\n\t<meta name=\"twitter:data1\" content=\"1 minute\" \/>\n<script type=\"application\/ld+json\" class=\"yoast-schema-graph\">{\"@context\":\"https:\\\/\\\/schema.org\",\"@graph\":[{\"@type\":[\"WebPage\",\"ContactPage\"],\"@id\":\"https:\\\/\\\/www.prismatattoos.com\\\/en\\\/contact-us\\\/\",\"url\":\"https:\\\/\\\/www.prismatattoos.com\\\/en\\\/contact-us\\\/\",\"name\":\"Contact Us - Prisma Tattoo\",\"isPartOf\":{\"@id\":\"https:\\\/\\\/www.prismatattoos.com\\\/en\\\/#website\"},\"datePublished\":\"2017-09-20T11:51:56+00:00\",\"dateModified\":\"2023-04-07T20:46:50+00:00\",\"description\":\"You can easily contact us to make an appointment for your tattoo & piercing requests, design and information.\",\"breadcrumb\":{\"@id\":\"https:\\\/\\\/www.prismatattoos.com\\\/en\\\/contact-us\\\/#breadcrumb\"},\"inLanguage\":\"en-US\",\"potentialAction\":[{\"@type\":\"ReadAction\",\"target\":[\"https:\\\/\\\/www.prismatattoos.com\\\/en\\\/contact-us\\\/\"]}]},{\"@type\":\"BreadcrumbList\",\"@id\":\"https:\\\/\\\/www.prismatattoos.com\\\/en\\\/contact-us\\\/#breadcrumb\",\"itemListElement\":[{\"@type\":\"ListItem\",\"position\":1,\"name\":\"Anasayfa\",\"item\":\"https:\\\/\\\/www.prismatattoos.com\\\/en\\\/\"},{\"@type\":\"ListItem\",\"position\":2,\"name\":\"Contact Us\"}]},{\"@type\":\"WebSite\",\"@id\":\"https:\\\/\\\/www.prismatattoos.com\\\/en\\\/#website\",\"url\":\"https:\\\/\\\/www.prismatattoos.com\\\/en\\\/\",\"name\":\"Prisma Tattoo\",\"description\":\"Prisma Tattoo\",\"publisher\":{\"@id\":\"https:\\\/\\\/www.prismatattoos.com\\\/en\\\/#organization\"},\"potentialAction\":[{\"@type\":\"SearchAction\",\"target\":{\"@type\":\"EntryPoint\",\"urlTemplate\":\"https:\\\/\\\/www.prismatattoos.com\\\/en\\\/?s={search_term_string}\"},\"query-input\":{\"@type\":\"PropertyValueSpecification\",\"valueRequired\":true,\"valueName\":\"search_term_string\"}}],\"inLanguage\":\"en-US\"},{\"@type\":\"Organization\",\"@id\":\"https:\\\/\\\/www.prismatattoos.com\\\/en\\\/#organization\",\"name\":\"Prisma Tattoo\",\"url\":\"https:\\\/\\\/www.prismatattoos.com\\\/en\\\/\",\"logo\":{\"@type\":\"ImageObject\",\"inLanguage\":\"en-US\",\"@id\":\"https:\\\/\\\/www.prismatattoos.com\\\/en\\\/#\\\/schema\\\/logo\\\/image\\\/\",\"url\":\"https:\\\/\\\/www.prismatattoos.com\\\/wp-content\\\/uploads\\\/2023\\\/03\\\/logo.png\",\"contentUrl\":\"https:\\\/\\\/www.prismatattoos.com\\\/wp-content\\\/uploads\\\/2023\\\/03\\\/logo.png\",\"width\":400,\"height\":65,\"caption\":\"Prisma Tattoo\"},\"image\":{\"@id\":\"https:\\\/\\\/www.prismatattoos.com\\\/en\\\/#\\\/schema\\\/logo\\\/image\\\/\"},\"sameAs\":[\"https:\\\/\\\/www.facebook.com\\\/prismatattoopiercing\\\/\",\"https:\\\/\\\/www.instagram.com\\\/prismatattoo\\\/\"]}]}<\/script>\n<!-- \/ Yoast SEO plugin. -->","yoast_head_json":{"title":"Contact Us - Prisma Tattoo","description":"You can easily contact us to make an appointment for your tattoo & piercing requests, design and information.","robots":{"index":"index","follow":"follow","max-snippet":"max-snippet:-1","max-image-preview":"max-image-preview:large","max-video-preview":"max-video-preview:-1"},"canonical":"https:\/\/www.prismatattoos.com\/en\/contact-us\/","og_locale":"en_US","og_type":"article","og_title":"Contact Us - Prisma Tattoo","og_description":"You can easily contact us to make an appointment for your tattoo & piercing requests, design and information.","og_url":"https:\/\/www.prismatattoos.com\/en\/contact-us\/","og_site_name":"Prisma Tattoo","article_publisher":"https:\/\/www.facebook.com\/prismatattoopiercing\/","article_modified_time":"2023-04-07T20:46:50+00:00","og_image":[{"width":1300,"height":867,"url":"https:\/\/www.prismatattoos.com\/wp-content\/uploads\/2023\/03\/prisma-main-page.jpg","type":"image\/jpeg"}],"twitter_card":"summary_large_image","twitter_misc":{"Est. reading time":"1 minute"},"schema":{"@context":"https:\/\/schema.org","@graph":[{"@type":["WebPage","ContactPage"],"@id":"https:\/\/www.prismatattoos.com\/en\/contact-us\/","url":"https:\/\/www.prismatattoos.com\/en\/contact-us\/","name":"Contact Us - Prisma Tattoo","isPartOf":{"@id":"https:\/\/www.prismatattoos.com\/en\/#website"},"datePublished":"2017-09-20T11:51:56+00:00","dateModified":"2023-04-07T20:46:50+00:00","description":"You can easily contact us to make an appointment for your tattoo & piercing requests, design and information.","breadcrumb":{"@id":"https:\/\/www.prismatattoos.com\/en\/contact-us\/#breadcrumb"},"inLanguage":"en-US","potentialAction":[{"@type":"ReadAction","target":["https:\/\/www.prismatattoos.com\/en\/contact-us\/"]}]},{"@type":"BreadcrumbList","@id":"https:\/\/www.prismatattoos.com\/en\/contact-us\/#breadcrumb","itemListElement":[{"@type":"ListItem","position":1,"name":"Anasayfa","item":"https:\/\/www.prismatattoos.com\/en\/"},{"@type":"ListItem","position":2,"name":"Contact Us"}]},{"@type":"WebSite","@id":"https:\/\/www.prismatattoos.com\/en\/#website","url":"https:\/\/www.prismatattoos.com\/en\/","name":"Prisma Tattoo","description":"Prisma Tattoo","publisher":{"@id":"https:\/\/www.prismatattoos.com\/en\/#organization"},"potentialAction":[{"@type":"SearchAction","target":{"@type":"EntryPoint","urlTemplate":"https:\/\/www.prismatattoos.com\/en\/?s={search_term_string}"},"query-input":{"@type":"PropertyValueSpecification","valueRequired":true,"valueName":"search_term_string"}}],"inLanguage":"en-US"},{"@type":"Organization","@id":"https:\/\/www.prismatattoos.com\/en\/#organization","name":"Prisma Tattoo","url":"https:\/\/www.prismatattoos.com\/en\/","logo":{"@type":"ImageObject","inLanguage":"en-US","@id":"https:\/\/www.prismatattoos.com\/en\/#\/schema\/logo\/image\/","url":"https:\/\/www.prismatattoos.com\/wp-content\/uploads\/2023\/03\/logo.png","contentUrl":"https:\/\/www.prismatattoos.com\/wp-content\/uploads\/2023\/03\/logo.png","width":400,"height":65,"caption":"Prisma Tattoo"},"image":{"@id":"https:\/\/www.prismatattoos.com\/en\/#\/schema\/logo\/image\/"},"sameAs":["https:\/\/www.facebook.com\/prismatattoopiercing\/","https:\/\/www.instagram.com\/prismatattoo\/"]}]}},"_links":{"self":[{"href":"https:\/\/www.prismatattoos.com\/en\/wp-json\/wp\/v2\/pages\/2129","targetHints":{"allow":["GET"]}}],"collection":[{"href":"https:\/\/www.prismatattoos.com\/en\/wp-json\/wp\/v2\/pages"}],"about":[{"href":"https:\/\/www.prismatattoos.com\/en\/wp-json\/wp\/v2\/types\/page"}],"author":[{"embeddable":true,"href":"https:\/\/www.prismatattoos.com\/en\/wp-json\/wp\/v2\/users\/1"}],"replies":[{"embeddable":true,"href":"https:\/\/www.prismatattoos.com\/en\/wp-json\/wp\/v2\/comments?post=2129"}],"version-history":[{"count":0,"href":"https:\/\/www.prismatattoos.com\/en\/wp-json\/wp\/v2\/pages\/2129\/revisions"}],"wp:attachment":[{"href":"https:\/\/www.prismatattoos.com\/en\/wp-json\/wp\/v2\/media?parent=2129"}],"curies":[{"name":"wp","href":"https:\/\/api.w.org\/{rel}","templated":true}]}}