{"id":2128,"date":"2017-09-20T14:11:40","date_gmt":"2017-09-20T14:11:40","guid":{"rendered":"https:\/\/www.prismatattoos.com\/hakkimizda\/"},"modified":"2024-03-15T00:16:51","modified_gmt":"2024-03-15T00:16:51","slug":"about-us","status":"publish","type":"page","link":"https:\/\/www.prismatattoos.com\/en\/about-us\/","title":{"rendered":"About Us"},"content":{"rendered":"<div class=\"wpb-content-wrapper\"><p>[vc_row full_width=&#8221;stretch_row_content_no_spaces&#8221;][vc_column]<div class=\"banner-area banner-area-5d67b8336e1a7 banner-color-inherit\" data-settings=\"{&quot;loop&quot;:true,&quot;speed&quot;:500,&quot;autoplay&quot;:{&quot;delay&quot;:5000,&quot;disableOnInteraction&quot;:false,&quot;pauseOnMouseEnter&quot;:true},&quot;arrows&quot;:true,&quot;dots&quot;:true,&quot;dots_position&quot;:&quot;right&quot;,&quot;animation&quot;:&quot;&quot;}\"><div class=\"banner-social-buttons\"><div class=\"links\"><a href=\"#\" class=\"item\" target=_self\"><i class=\"fab fa-facebook-f\"><\/i><span>Facebook<\/span><\/a><a href=\"#\" class=\"item\" target=_self\"><i class=\"fab fa-instagram\"><\/i><span>Instagram<\/span><\/a><a href=\"#\" class=\"item\" target=_self\"><i class=\"fab fa-x-twitter\"><\/i><span>Twitter<\/span><\/a><\/div><\/div><div class=\"banner banner-5d67b8336e1a7  fixed-height arrows-right-bottom pagination-right\" style=\"height:450px; --transition-speed: 2500ms;\"><div class=\"swiper\"><div class=\"swiper-wrapper\"><div class=\"item swiper-slide banner-item-59ba272d85e67 tar with-shadow white\">\n      <div class=\"bg-image\" style=\"background-image: url(https:\/\/www.prismatattoos.com\/wp-content\/uploads\/2023\/04\/prisma-breadcrumb.jpg)\"><\/div>\n      \n      \n      <div class=\"container\">\n        <div class=\"cell middle\">\n          <div class=\"heading heading-decor\">\n        \n        <h1 class=\"h\">About Us<\/h1>\n      <\/div>\n          <div class=\"text\">Prisma Tattoo &amp; Piercing Studio<\/div>\n          <a href=\"https:\/\/www.prismatattoos.com\/en\/contact-us\/\" class=\"button-style1\"><span>Contact Us<\/span><\/a>\n          \n        <\/div>\n      <\/div>\n    <\/div><\/div><\/div><div class=\"owl-nav\"><div class=\"owl-prev basic-ui-icon-left-arrow\"><\/div><div class=\"owl-next basic-ui-icon-right-arrow\"><\/div><\/div><div class=\"owl-dots\"><\/div><\/div><\/div>[\/vc_column][\/vc_row][vc_row css=&#8221;.vc_custom_1624277961356{padding-top: 47px !important;padding-bottom: 19px !important;}&#8221; uniqid=&#8221;60d083a233891&#8243;][vc_column css_animation=&#8221;fadeIn&#8221; uniqid=&#8221;60d0839d6ee98&#8243;]      <div class=\"heading-block heading-5d67b8954c447 tac h-h2 with-line vc_custom_1680646942908\">\n                  <h2 class=\"h\">About Us<\/h2>\n              <\/div>\n    [\/vc_column][\/vc_row][vc_row][vc_column width=&#8221;1\/2&#8243;][vc_single_image image=&#8221;1908&#8243; img_size=&#8221;500&#215;600&#8243;][\/vc_column][vc_column width=&#8221;1\/2&#8243; uniqid=&#8221;642881d3a58dc&#8221;]      <div class=\"heading-block heading-642880f5aa301 tal h-h2\">\n                  <h2 class=\"h\">Eski\u015fehir Tattoo &amp; Piercing Studio<br \/>\n<span>Prisma Tattoo<\/span><\/h2>\n              <\/div>\n    [vc_column_text]<span style=\"font-size: 18px; font-weight: 300;\">Tattoo &amp; Piercing &amp; Cover-Up &amp; Touch-Up<\/span><\/p>\n<p><span style=\"font-size: 14px; font-weight: 200;\">Eski\u015fehir Tattoo Studio Prisma Tattoo was founded in 2015 by Furkan \u0130spirli. In addition to thousands of works, many international and domestic successes have been achieved. Our aim is to provide the best quality service to our valued customers. You can easily contact us via instagram or whatsapp for your special design tattoo models, tattoo closure and correction processes and piercing requests.<\/span>[\/vc_column_text][\/vc_column][\/vc_row][vc_row css=&#8221;.vc_custom_1680376682610{padding-top: 50px !important;padding-bottom: 30px !important;}&#8221; uniqid=&#8221;6428835448a53&#8243;][vc_column]      <div class=\"heading-block heading-642852e44cdcb tac h-h3 with-line\">\n                  <h3 class=\"h\">Tattoo Artist<\/h3>\n              <\/div>\n    <div class=\"team-items row team-6a04972b1b167\"><div class=\"team-item item team-item-6a04972b1b20d col-xs-12 col-sm-6 col-md-6\"><div class=\"wrap\"><div class=\"image\" style=\"background-image: url(https:\/\/www.prismatattoos.com\/wp-content\/uploads\/2023\/04\/Furkan-Ispirli.jpg)\"><div><div class=\"team-social-buttons\"><a href=\"https:\/\/www.instagram.com\/furkanispirli\/\" target=\"_blank\"><i class=\"fa fa-instagram\"><\/i><\/a><a href=\"https:\/\/tr.linkedin.com\/in\/furkan-ispirli-6570601a1?original_referer=https%3A%2F%2Fwww.prismatattoos.com%2F\" target=\"_blank\"><i class=\"fa fa-linkedin\"><\/i><\/a><a href=\"https:\/\/www.facebook.com\/prismatattoopiercing\/?locale=tr_TR\" target=\"_blank\"><i class=\"fa fa-facebook\"><\/i><\/a><\/div><\/div><\/div><div class=\"name\">Furkan \u0130SP\u0130RL\u0130<\/div><div class=\"post\">Tattoo Artist<\/div><\/div><\/div><div class=\"team-item item team-item-6a04972b1b4ea col-xs-12 col-sm-6 col-md-6\"><div class=\"wrap\"><div class=\"image\" style=\"background-image: url(https:\/\/www.prismatattoos.com\/wp-content\/uploads\/2024\/03\/okan-doner.webp)\"><div><div class=\"team-social-buttons\"><a href=\"https:\/\/www.instagram.com\/okan.doner\/\" target=\"_blank\"><i class=\"fa fa-instagram\"><\/i><\/a><\/div><\/div><\/div><div class=\"name\">Okan D\u00d6NER<\/div><div class=\"post\">Tattoo Artist<\/div><\/div><\/div><\/div>[\/vc_column][\/vc_row]<\/p>\n<\/div>","protected":false},"excerpt":{"rendered":"<p>[vc_row full_width=&#8221;stretch_row_content_no_spaces&#8221;][vc_column][\/vc_column][\/vc_row][vc_row css=&#8221;.vc_custom_1624277961356{padding-top: 47px !important;padding-bottom: 19px !important;}&#8221; uniqid=&#8221;60d083a233891&#8243;][vc_column css_animation=&#8221;fadeIn&#8221; uniqid=&#8221;60d0839d6ee98&#8243;][\/vc_column][\/vc_row][vc_row][vc_column width=&#8221;1\/2&#8243;][vc_single_image image=&#8221;1908&#8243; img_size=&#8221;500&#215;600&#8243;][\/vc_column][vc_column width=&#8221;1\/2&#8243; uniqid=&#8221;642881d3a58dc&#8221;][vc_column_text]Tattoo &amp; Piercing &amp; Cover-Up &amp; Touch-Up Eski\u015fehir Tattoo Studio Prisma Tattoo was founded in 2015 by Furkan \u0130spirli. In addition to thousands of works, many international and domestic successes have been achieved. Our aim is to provide the best quality [&hellip;]<\/p>\n","protected":false},"author":1,"featured_media":0,"parent":0,"menu_order":0,"comment_status":"closed","ping_status":"closed","template":"template-landing.php","meta":{"_acf_changed":false,"footnotes":""},"class_list":["post-2128","page","type-page","status-publish","hentry"],"acf":[],"yoast_head":"<!-- This site is optimized with the Yoast SEO plugin v27.6 - https:\/\/yoast.com\/product\/yoast-seo-wordpress\/ -->\n<title>About Us - Prisma Tattoo<\/title>\n<meta name=\"description\" content=\"Eski\u015fehir Tattoo Studio Prisma Tattoo was founded in 2015 by Furkan \u0130spirli. In addition to thousands of works, many international...\" \/>\n<meta name=\"robots\" content=\"index, follow, max-snippet:-1, max-image-preview:large, max-video-preview:-1\" \/>\n<link rel=\"canonical\" href=\"https:\/\/www.prismatattoos.com\/en\/about-us\/\" \/>\n<meta property=\"og:locale\" content=\"en_US\" \/>\n<meta property=\"og:type\" content=\"article\" \/>\n<meta property=\"og:title\" content=\"About Us - Prisma Tattoo\" \/>\n<meta property=\"og:description\" content=\"Eski\u015fehir Tattoo Studio Prisma Tattoo was founded in 2015 by Furkan \u0130spirli. In addition to thousands of works, many international...\" \/>\n<meta property=\"og:url\" content=\"https:\/\/www.prismatattoos.com\/en\/about-us\/\" \/>\n<meta property=\"og:site_name\" content=\"Prisma Tattoo\" \/>\n<meta property=\"article:publisher\" content=\"https:\/\/www.facebook.com\/prismatattoopiercing\/\" \/>\n<meta property=\"article:modified_time\" content=\"2024-03-15T00:16:51+00:00\" \/>\n<meta property=\"og:image\" content=\"https:\/\/www.prismatattoos.com\/wp-content\/uploads\/2023\/03\/prisma-main-page.jpg\" \/>\n\t<meta property=\"og:image:width\" content=\"1300\" \/>\n\t<meta property=\"og:image:height\" content=\"867\" \/>\n\t<meta property=\"og:image:type\" content=\"image\/jpeg\" \/>\n<meta name=\"twitter:card\" content=\"summary_large_image\" \/>\n<meta name=\"twitter:label1\" content=\"Est. reading time\" \/>\n\t<meta name=\"twitter:data1\" content=\"2 minutes\" \/>\n<script type=\"application\/ld+json\" class=\"yoast-schema-graph\">{\"@context\":\"https:\\\/\\\/schema.org\",\"@graph\":[{\"@type\":[\"WebPage\",\"AboutPage\"],\"@id\":\"https:\\\/\\\/www.prismatattoos.com\\\/en\\\/about-us\\\/\",\"url\":\"https:\\\/\\\/www.prismatattoos.com\\\/en\\\/about-us\\\/\",\"name\":\"About Us - Prisma Tattoo\",\"isPartOf\":{\"@id\":\"https:\\\/\\\/www.prismatattoos.com\\\/en\\\/#website\"},\"datePublished\":\"2017-09-20T14:11:40+00:00\",\"dateModified\":\"2024-03-15T00:16:51+00:00\",\"description\":\"Eski\u015fehir Tattoo Studio Prisma Tattoo was founded in 2015 by Furkan \u0130spirli. In addition to thousands of works, many international...\",\"breadcrumb\":{\"@id\":\"https:\\\/\\\/www.prismatattoos.com\\\/en\\\/about-us\\\/#breadcrumb\"},\"inLanguage\":\"en-US\",\"potentialAction\":[{\"@type\":\"ReadAction\",\"target\":[\"https:\\\/\\\/www.prismatattoos.com\\\/en\\\/about-us\\\/\"]}]},{\"@type\":\"BreadcrumbList\",\"@id\":\"https:\\\/\\\/www.prismatattoos.com\\\/en\\\/about-us\\\/#breadcrumb\",\"itemListElement\":[{\"@type\":\"ListItem\",\"position\":1,\"name\":\"Anasayfa\",\"item\":\"https:\\\/\\\/www.prismatattoos.com\\\/en\\\/\"},{\"@type\":\"ListItem\",\"position\":2,\"name\":\"About Us\"}]},{\"@type\":\"WebSite\",\"@id\":\"https:\\\/\\\/www.prismatattoos.com\\\/en\\\/#website\",\"url\":\"https:\\\/\\\/www.prismatattoos.com\\\/en\\\/\",\"name\":\"Prisma Tattoo\",\"description\":\"Prisma Tattoo\",\"publisher\":{\"@id\":\"https:\\\/\\\/www.prismatattoos.com\\\/en\\\/#organization\"},\"potentialAction\":[{\"@type\":\"SearchAction\",\"target\":{\"@type\":\"EntryPoint\",\"urlTemplate\":\"https:\\\/\\\/www.prismatattoos.com\\\/en\\\/?s={search_term_string}\"},\"query-input\":{\"@type\":\"PropertyValueSpecification\",\"valueRequired\":true,\"valueName\":\"search_term_string\"}}],\"inLanguage\":\"en-US\"},{\"@type\":\"Organization\",\"@id\":\"https:\\\/\\\/www.prismatattoos.com\\\/en\\\/#organization\",\"name\":\"Prisma Tattoo\",\"url\":\"https:\\\/\\\/www.prismatattoos.com\\\/en\\\/\",\"logo\":{\"@type\":\"ImageObject\",\"inLanguage\":\"en-US\",\"@id\":\"https:\\\/\\\/www.prismatattoos.com\\\/en\\\/#\\\/schema\\\/logo\\\/image\\\/\",\"url\":\"https:\\\/\\\/www.prismatattoos.com\\\/wp-content\\\/uploads\\\/2023\\\/03\\\/logo.png\",\"contentUrl\":\"https:\\\/\\\/www.prismatattoos.com\\\/wp-content\\\/uploads\\\/2023\\\/03\\\/logo.png\",\"width\":400,\"height\":65,\"caption\":\"Prisma Tattoo\"},\"image\":{\"@id\":\"https:\\\/\\\/www.prismatattoos.com\\\/en\\\/#\\\/schema\\\/logo\\\/image\\\/\"},\"sameAs\":[\"https:\\\/\\\/www.facebook.com\\\/prismatattoopiercing\\\/\",\"https:\\\/\\\/www.instagram.com\\\/prismatattoo\\\/\"]}]}<\/script>\n<!-- \/ Yoast SEO plugin. -->","yoast_head_json":{"title":"About Us - Prisma Tattoo","description":"Eski\u015fehir Tattoo Studio Prisma Tattoo was founded in 2015 by Furkan \u0130spirli. In addition to thousands of works, many international...","robots":{"index":"index","follow":"follow","max-snippet":"max-snippet:-1","max-image-preview":"max-image-preview:large","max-video-preview":"max-video-preview:-1"},"canonical":"https:\/\/www.prismatattoos.com\/en\/about-us\/","og_locale":"en_US","og_type":"article","og_title":"About Us - Prisma Tattoo","og_description":"Eski\u015fehir Tattoo Studio Prisma Tattoo was founded in 2015 by Furkan \u0130spirli. In addition to thousands of works, many international...","og_url":"https:\/\/www.prismatattoos.com\/en\/about-us\/","og_site_name":"Prisma Tattoo","article_publisher":"https:\/\/www.facebook.com\/prismatattoopiercing\/","article_modified_time":"2024-03-15T00:16:51+00:00","og_image":[{"width":1300,"height":867,"url":"https:\/\/www.prismatattoos.com\/wp-content\/uploads\/2023\/03\/prisma-main-page.jpg","type":"image\/jpeg"}],"twitter_card":"summary_large_image","twitter_misc":{"Est. reading time":"2 minutes"},"schema":{"@context":"https:\/\/schema.org","@graph":[{"@type":["WebPage","AboutPage"],"@id":"https:\/\/www.prismatattoos.com\/en\/about-us\/","url":"https:\/\/www.prismatattoos.com\/en\/about-us\/","name":"About Us - Prisma Tattoo","isPartOf":{"@id":"https:\/\/www.prismatattoos.com\/en\/#website"},"datePublished":"2017-09-20T14:11:40+00:00","dateModified":"2024-03-15T00:16:51+00:00","description":"Eski\u015fehir Tattoo Studio Prisma Tattoo was founded in 2015 by Furkan \u0130spirli. In addition to thousands of works, many international...","breadcrumb":{"@id":"https:\/\/www.prismatattoos.com\/en\/about-us\/#breadcrumb"},"inLanguage":"en-US","potentialAction":[{"@type":"ReadAction","target":["https:\/\/www.prismatattoos.com\/en\/about-us\/"]}]},{"@type":"BreadcrumbList","@id":"https:\/\/www.prismatattoos.com\/en\/about-us\/#breadcrumb","itemListElement":[{"@type":"ListItem","position":1,"name":"Anasayfa","item":"https:\/\/www.prismatattoos.com\/en\/"},{"@type":"ListItem","position":2,"name":"About Us"}]},{"@type":"WebSite","@id":"https:\/\/www.prismatattoos.com\/en\/#website","url":"https:\/\/www.prismatattoos.com\/en\/","name":"Prisma Tattoo","description":"Prisma Tattoo","publisher":{"@id":"https:\/\/www.prismatattoos.com\/en\/#organization"},"potentialAction":[{"@type":"SearchAction","target":{"@type":"EntryPoint","urlTemplate":"https:\/\/www.prismatattoos.com\/en\/?s={search_term_string}"},"query-input":{"@type":"PropertyValueSpecification","valueRequired":true,"valueName":"search_term_string"}}],"inLanguage":"en-US"},{"@type":"Organization","@id":"https:\/\/www.prismatattoos.com\/en\/#organization","name":"Prisma Tattoo","url":"https:\/\/www.prismatattoos.com\/en\/","logo":{"@type":"ImageObject","inLanguage":"en-US","@id":"https:\/\/www.prismatattoos.com\/en\/#\/schema\/logo\/image\/","url":"https:\/\/www.prismatattoos.com\/wp-content\/uploads\/2023\/03\/logo.png","contentUrl":"https:\/\/www.prismatattoos.com\/wp-content\/uploads\/2023\/03\/logo.png","width":400,"height":65,"caption":"Prisma Tattoo"},"image":{"@id":"https:\/\/www.prismatattoos.com\/en\/#\/schema\/logo\/image\/"},"sameAs":["https:\/\/www.facebook.com\/prismatattoopiercing\/","https:\/\/www.instagram.com\/prismatattoo\/"]}]}},"_links":{"self":[{"href":"https:\/\/www.prismatattoos.com\/en\/wp-json\/wp\/v2\/pages\/2128","targetHints":{"allow":["GET"]}}],"collection":[{"href":"https:\/\/www.prismatattoos.com\/en\/wp-json\/wp\/v2\/pages"}],"about":[{"href":"https:\/\/www.prismatattoos.com\/en\/wp-json\/wp\/v2\/types\/page"}],"author":[{"embeddable":true,"href":"https:\/\/www.prismatattoos.com\/en\/wp-json\/wp\/v2\/users\/1"}],"replies":[{"embeddable":true,"href":"https:\/\/www.prismatattoos.com\/en\/wp-json\/wp\/v2\/comments?post=2128"}],"version-history":[{"count":0,"href":"https:\/\/www.prismatattoos.com\/en\/wp-json\/wp\/v2\/pages\/2128\/revisions"}],"wp:attachment":[{"href":"https:\/\/www.prismatattoos.com\/en\/wp-json\/wp\/v2\/media?parent=2128"}],"curies":[{"name":"wp","href":"https:\/\/api.w.org\/{rel}","templated":true}]}}